{"id":72,"date":"2023-02-27T18:56:07","date_gmt":"2023-02-27T18:56:07","guid":{"rendered":"https:\/\/ecoaseo360.com\/?page_id=72"},"modified":"2024-01-29T20:09:27","modified_gmt":"2024-01-29T20:09:27","slug":"nosotros","status":"publish","type":"page","link":"https:\/\/ecoaseo360.com\/index.php\/nosotros\/","title":{"rendered":"NOSOTROS"},"content":{"rendered":"<section class=\"wpb-content-wrapper\"><p>[vc_row][vc_column width=&#8221;1\/2&#8243;]<div class=\"grve-element grve-image grve-animated-item grve-fadeInUp grve-align-center\" style=\"\" data-delay=\"200\"><img width=\"560\" height=\"560\" src=\"https:\/\/ecoaseo360.com\/wp-content\/uploads\/2024\/01\/ECOASEO-MEDELLIN-EVENTOS-560x560.jpg\" class=\"attachment-grve-image-small-square size-grve-image-small-square\" alt=\"\" decoding=\"async\" loading=\"lazy\" srcset=\"https:\/\/ecoaseo360.com\/wp-content\/uploads\/2024\/01\/ECOASEO-MEDELLIN-EVENTOS-560x560.jpg 560w, https:\/\/ecoaseo360.com\/wp-content\/uploads\/2024\/01\/ECOASEO-MEDELLIN-EVENTOS-150x150.jpg 150w, https:\/\/ecoaseo360.com\/wp-content\/uploads\/2024\/01\/ECOASEO-MEDELLIN-EVENTOS-80x80.jpg 80w\" sizes=\"(max-width: 560px) 100vw, 560px\" \/><\/div>[\/vc_column][vc_column width=&#8221;1\/2&#8243;]<h3 class=\"grve-element grve-align-left grve-title-double-line grve-h3\" style=\"\"><span>NOSOTROS<\/span><\/h3>[vc_column_text]<\/p>\n<p style=\"text-align: justify;\">Limpiamos y cuidamos tus espacios como si fueran nuestros.<\/p>\n<p style=\"text-align: justify;\">Brindamos soluciones integrales de limpieza en eventos, oficinas, viviendas, recolecci\u00f3n, separaci\u00f3n de residuos, servicio de ba\u00f1os m\u00f3viles.<\/p>\n<p style=\"text-align: justify;\">Somos un equipo de personas apasionadas, brindando un excelente servicio y acompa\u00f1amiento en la realizaci\u00f3n de sus eventos, limpieza, desinfecci\u00f3n con todos los protocolos de bioseguridad, apost\u00e1ndole a la seguridad de todos los colaboradores y el medio ambiente, contribuyendo al cumplimiento de los objetivos de los clientes.<\/p>\n<p>Trabajamos con excelencia y calidad, nuestros valores m\u00e1s sobresalientes: respeto, compromiso, honestidad, disciplina.<\/p>\n<p>Servicios:<\/p>\n<ul>\n<li>Limpieza en eventos como: Conciertos, empresariales, congresos, ferias, deportivos, eventos sociales y culturales<\/li>\n<li>Limpieza viviendas: interior, exterior, jardiner\u00eda.<\/li>\n<li>Limpieza de oficinas.<\/li>\n<li>Recolecci\u00f3n, separaci\u00f3n y disposici\u00f3n final de residuos.<\/li>\n<li>Suministro de sanitarios port\u00e1tiles.<\/li>\n<li>Aspiradora e Hidrolavado<\/li>\n<\/ul>\n<p>[\/vc_column_text][\/vc_column][\/vc_row]<\/p>\n<\/section>","protected":false},"excerpt":{"rendered":"<p>[vc_row][vc_column width=&#8221;1\/2&#8243;][\/vc_column][vc_column width=&#8221;1\/2&#8243;][vc_column_text] Limpiamos y cuidamos tus espacios como si fueran nuestros. Brindamos soluciones integrales de limpieza en eventos, oficinas, viviendas, recolecci\u00f3n, separaci\u00f3n de residuos, servicio de ba\u00f1os m\u00f3viles. Somos un equipo de personas apasionadas, brindando un excelente servicio y acompa\u00f1amiento en la realizaci\u00f3n de sus eventos, limpieza, desinfecci\u00f3n con todos los protocolos de bioseguridad, [&hellip;]<\/p>\n","protected":false},"author":1,"featured_media":0,"parent":0,"menu_order":0,"comment_status":"closed","ping_status":"closed","template":"","meta":[],"_links":{"self":[{"href":"https:\/\/ecoaseo360.com\/index.php\/wp-json\/wp\/v2\/pages\/72"}],"collection":[{"href":"https:\/\/ecoaseo360.com\/index.php\/wp-json\/wp\/v2\/pages"}],"about":[{"href":"https:\/\/ecoaseo360.com\/index.php\/wp-json\/wp\/v2\/types\/page"}],"author":[{"embeddable":true,"href":"https:\/\/ecoaseo360.com\/index.php\/wp-json\/wp\/v2\/users\/1"}],"replies":[{"embeddable":true,"href":"https:\/\/ecoaseo360.com\/index.php\/wp-json\/wp\/v2\/comments?post=72"}],"version-history":[{"count":11,"href":"https:\/\/ecoaseo360.com\/index.php\/wp-json\/wp\/v2\/pages\/72\/revisions"}],"predecessor-version":[{"id":198,"href":"https:\/\/ecoaseo360.com\/index.php\/wp-json\/wp\/v2\/pages\/72\/revisions\/198"}],"wp:attachment":[{"href":"https:\/\/ecoaseo360.com\/index.php\/wp-json\/wp\/v2\/media?parent=72"}],"curies":[{"name":"wp","href":"https:\/\/api.w.org\/{rel}","templated":true}]}}